{"id":7298,"date":"2025-05-10T17:42:34","date_gmt":"2025-05-10T17:42:34","guid":{"rendered":"https:\/\/pkbrandschutz.de\/?page_id=7298"},"modified":"2026-02-07T10:15:04","modified_gmt":"2026-02-07T10:15:04","slug":"impressum","status":"publish","type":"page","link":"https:\/\/sore-care.de\/en\/impressum\/","title":{"rendered":"Impressum"},"content":{"rendered":"\t\t<div data-elementor-type=\"wp-page\" data-elementor-id=\"7298\" class=\"elementor elementor-7298\">\n\t\t\t\t<div class=\"elementor-element elementor-element-0b0ba71 e-flex e-con-boxed e-con e-parent\" data-id=\"0b0ba71\" data-element_type=\"container\" data-e-type=\"container\" data-settings=\"{&quot;background_background&quot;:&quot;gradient&quot;}\">\n\t\t\t\t\t<div class=\"e-con-inner\">\n\t\t<div class=\"elementor-element elementor-element-f109425 e-con-full e-flex e-con e-child\" data-id=\"f109425\" data-element_type=\"container\" data-e-type=\"container\">\n\t\t\t\t<div data-custom-animations=\"true\" data-ca-options=\"{&quot;addChildTimelines&quot;:false,&quot;trigger&quot;:&quot;firstChild&quot;,&quot;animationTarget&quot;:&quot;.lqd-split-words .lqd-words .split-inner, .lqd-adv-txt-fig&quot;,&quot;duration&quot;:600,&quot;startDelay&quot;:200,&quot;delay&quot;:60,&quot;ease&quot;:[&quot;power4.out&quot;],&quot;initValues&quot;:{&quot;y&quot;:&quot;30px&quot;,&quot;opacity&quot;:0,&quot;transformOrigin&quot;:&quot;50% 50% 0px&quot;},&quot;animations&quot;:{&quot;y&quot;:&quot;0px&quot;,&quot;opacity&quot;:1,&quot;transformOrigin&quot;:&quot;50% 50% 0px&quot;}}\" class=\"elementor-element elementor-element-6bdc17d elementor-widget elementor-widget-hub_fancy_heading lqd-el-has-inner-anim\" data-id=\"6bdc17d\" data-element_type=\"widget\" data-e-type=\"widget\" data-settings=\"{&quot;enable_split&quot;:&quot;true&quot;,&quot;split_type&quot;:&quot;words&quot;}\" data-widget_type=\"hub_fancy_heading.default\">\n\t\t\t\t<div class=\"elementor-widget-container\">\n\t\t\t\t\t\n\t\t<div id=\"ld-fancy-heading-69e38189809bc\" class=\"ld-fancy-heading pos-rel\">\n\t\t\t<h1 class=\"ld-fh-element d-inline-block pos-rel  elementor-heading-title lqd-highlight-classic lqd-highlight-grow-left lqd-split-words h1\"  data-split-text=\"true\" data-split-options='{\"type\":\"words\"}'> Impressum<\/h1>\t\t<\/div>\n\n\t\t\t\t\t\t<\/div>\n\t\t\t\t<\/div>\n\t\t\t\t<\/div>\n\t\t\t\t\t<\/div>\n\t\t\t\t<\/div>\n\t\t<div class=\"elementor-element elementor-element-234b06a e-flex e-con-boxed e-con e-parent\" data-id=\"234b06a\" data-element_type=\"container\" data-e-type=\"container\" data-settings=\"{&quot;background_background&quot;:&quot;gradient&quot;}\">\n\t\t\t\t\t<div class=\"e-con-inner\">\n\t\t\t\t<div class=\"elementor-element elementor-element-f20290c elementor-widget elementor-widget-shortcode\" data-id=\"f20290c\" data-element_type=\"widget\" data-e-type=\"widget\" data-widget_type=\"shortcode.default\">\n\t\t\t\t<div class=\"elementor-widget-container\">\n\t\t\t\t\t\t\t<div class=\"elementor-shortcode\"><div class=\"ws-legal-text ws-legal-impressum\"><h1>Impressum<\/h1>\n\n<p>Angaben gem\u00e4\u00df \u00a7 5 TMG<\/p>\n<div class=\"ws-legal-section\">\n    <h2>Verantwortlich<\/h2>\n\n    <address class=\"ws-legal-contact\">\n                    <strong>\n                SORE eGBR                                    GbR                            <\/strong><br>\n        \n                                Vertreten durch: Delia Gruescu, Kinan Matr<br><br>\n        \n                    Forstamtsstra\u00dfe 10<br>\n        \n                    30926 Seelze<br>\n        \n            <\/address>\n<\/div>\n<div class=\"ws-legal-section\">\n    <h2>Kontakt<\/h2>\n\n    <p>\n                    Telefon: +49 176 644 786 20, +49 176 487 287 79<br>\n        \n                    E-Mail: <a href=\"mailto:info@sore-care.de\">info@sore-care.de<\/a><br>\n        \n            <\/p>\n<\/div>\n<div class=\"ws-legal-section\">\n    \n    \n            <h2>Institutionskennzeichen<\/h2>\n        <p>\n            Institutionskennzeichen (IK): 460356874        <\/p>\n    <\/div>\n<div class=\"ws-legal-section\">\n    <h2>EU-Streitschlichtung<\/h2>\n\n    <p>\n        Die Europ\u00e4ische Kommission stellt eine Plattform zur Online-Streitbeilegung (OS) bereit:        <a href=\"https:\/\/ec.europa.eu\/consumers\/odr\/\" target=\"_blank\" rel=\"noopener nofollow\">https:\/\/ec.europa.eu\/consumers\/odr\/<\/a>\n    <\/p>\n\n    <p>\n        Unsere E-Mail-Adresse finden Sie oben im Impressum.    <\/p>\n\n    <h2>Verbraucherstreitbeilegung \/ Universalschlichtungsstelle<\/h2>\n\n            <p>\n            Wir sind nicht bereit oder verpflichtet, an Streitbeilegungsverfahren vor einer Verbraucherschlichtungsstelle teilzunehmen.        <\/p>\n    <\/div>\n<div class=\"ws-legal-section\">\n    <h2>Hinweis zur Verwendung m\u00e4nnlicher Sprachformen<\/h2>\n    <p>\n        Grammatikalisch m\u00e4nnliche Personen- oder Funktionsnennungen werden ausschlie\u00dflich aus Gr\u00fcnden der besseren Lesbarkeit und stets unabh\u00e4ngig einer geschlechtlichen Zuordnung der Personen verwendet. Wir legen Wert auf Sie und Ihr Talent, ungeachtet Ihres Geschlechtes.    <\/p>\n<\/div>\n<div class=\"ws-legal-section\">\n    <h2>Haftung f\u00fcr Inhalte<\/h2>\n\n    <p>\n        Als Diensteanbieter sind wir gem\u00e4\u00df \u00a7 7 Abs.1 TMG f\u00fcr eigene Inhalte auf diesen Seiten nach den allgemeinen Gesetzen verantwortlich. Nach \u00a7\u00a7 8 bis 10 TMG sind wir als Diensteanbieter jedoch nicht verpflichtet, \u00fcbermittelte oder gespeicherte fremde Informationen zu \u00fcberwachen oder nach Umst\u00e4nden zu forschen, die auf eine rechtswidrige T\u00e4tigkeit hinweisen.    <\/p>\n\n    <p>\n        Verpflichtungen zur Entfernung oder Sperrung der Nutzung von Informationen nach den allgemeinen Gesetzen bleiben hiervon unber\u00fchrt. Eine diesbez\u00fcgliche Haftung ist jedoch erst ab dem Zeitpunkt der Kenntnis einer konkreten Rechtsverletzung m\u00f6glich. Bei Bekanntwerden von entsprechenden Rechtsverletzungen werden wir diese Inhalte umgehend entfernen.    <\/p>\n\n    <h2>Haftung f\u00fcr Links<\/h2>\n\n    <p>\n        Unser Angebot enth\u00e4lt Links zu externen Websites Dritter, auf deren Inhalte wir keinen Einfluss haben. Deshalb k\u00f6nnen wir f\u00fcr diese fremden Inhalte auch keine Gew\u00e4hr \u00fcbernehmen. F\u00fcr die Inhalte der verlinkten Seiten ist stets der jeweilige Anbieter oder Betreiber der Seiten verantwortlich. Die verlinkten Seiten wurden zum Zeitpunkt der Verlinkung auf m\u00f6gliche Rechtsverst\u00f6\u00dfe \u00fcberpr\u00fcft. Rechtswidrige Inhalte waren zum Zeitpunkt der Verlinkung nicht erkennbar.    <\/p>\n\n    <p>\n        Eine permanente inhaltliche Kontrolle der verlinkten Seiten ist jedoch ohne konkrete Anhaltspunkte einer Rechtsverletzung nicht zumutbar. Bei Bekanntwerden von Rechtsverletzungen werden wir derartige Links umgehend entfernen.    <\/p>\n\n    <h2>Urheberrecht<\/h2>\n\n    <p>\n        Die durch die Seitenbetreiber erstellten Inhalte und Werke auf diesen Seiten unterliegen dem deutschen Urheberrecht. Die Vervielf\u00e4ltigung, Bearbeitung, Verbreitung und jede Art der Verwertung au\u00dferhalb der Grenzen des Urheberrechtes bed\u00fcrfen der schriftlichen Zustimmung des jeweiligen Autors bzw. Erstellers. Downloads und Kopien dieser Seite sind nur f\u00fcr den privaten, nicht kommerziellen Gebrauch gestattet.    <\/p>\n\n    <p>\n        Soweit die Inhalte auf dieser Seite nicht vom Betreiber erstellt wurden, werden die Urheberrechte Dritter beachtet. Insbesondere werden Inhalte Dritter als solche gekennzeichnet. Sollten Sie trotzdem auf eine Urheberrechtsverletzung aufmerksam werden, bitten wir um einen entsprechenden Hinweis. Bei Bekanntwerden von Rechtsverletzungen werden wir derartige Inhalte umgehend entfernen.    <\/p>\n<\/div>\n<\/div><\/div>\n\t\t\t\t\t\t<\/div>\n\t\t\t\t<\/div>\n\t\t\t\t\t<\/div>\n\t\t\t\t<\/div>\n\t\t\t\t<\/div>\n\t\t","protected":false},"excerpt":{"rendered":"<p>Impressum<\/p>","protected":false},"author":3,"featured_media":0,"parent":0,"menu_order":0,"comment_status":"closed","ping_status":"closed","template":"","meta":{"footnotes":""},"class_list":["post-7298","page","type-page","status-publish","hentry"],"yoast_head":"<!-- This site is optimized with the Yoast SEO plugin v27.0 - https:\/\/yoast.com\/product\/yoast-seo-wordpress\/ -->\n<title>Impressum - Sore Care<\/title>\n<meta name=\"robots\" content=\"noindex, follow, max-snippet:-1, max-image-preview:large, max-video-preview:-1\" \/>\n<meta property=\"og:locale\" content=\"en_GB\" \/>\n<meta property=\"og:type\" content=\"article\" \/>\n<meta property=\"og:title\" content=\"Impressum - Sore Care\" \/>\n<meta property=\"og:description\" content=\"Impressum\" \/>\n<meta property=\"og:url\" content=\"https:\/\/sore-care.de\/en\/impressum\/\" \/>\n<meta property=\"og:site_name\" content=\"Sore Care\" \/>\n<meta property=\"article:modified_time\" content=\"2026-02-07T10:15:04+00:00\" \/>\n<meta name=\"twitter:card\" content=\"summary_large_image\" \/>\n<meta name=\"twitter:label1\" content=\"Estimated reading time\" \/>\n\t<meta name=\"twitter:data1\" content=\"1 minute\" \/>\n<script type=\"application\/ld+json\" class=\"yoast-schema-graph\">{\"@context\":\"https:\/\/schema.org\",\"@graph\":[{\"@type\":\"WebPage\",\"@id\":\"https:\/\/sore-care.de\/impressum\/\",\"url\":\"https:\/\/sore-care.de\/impressum\/\",\"name\":\"Impressum - Sore Care\",\"isPartOf\":{\"@id\":\"https:\/\/sore-care.de\/#website\"},\"datePublished\":\"2025-05-10T17:42:34+00:00\",\"dateModified\":\"2026-02-07T10:15:04+00:00\",\"breadcrumb\":{\"@id\":\"https:\/\/sore-care.de\/impressum\/#breadcrumb\"},\"inLanguage\":\"en-GB\",\"potentialAction\":[{\"@type\":\"ReadAction\",\"target\":[\"https:\/\/sore-care.de\/impressum\/\"]}]},{\"@type\":\"BreadcrumbList\",\"@id\":\"https:\/\/sore-care.de\/impressum\/#breadcrumb\",\"itemListElement\":[{\"@type\":\"ListItem\",\"position\":1,\"name\":\"Startseite\",\"item\":\"https:\/\/sore-care.de\/\"},{\"@type\":\"ListItem\",\"position\":2,\"name\":\"Impressum\"}]},{\"@type\":\"WebSite\",\"@id\":\"https:\/\/sore-care.de\/#website\",\"url\":\"https:\/\/sore-care.de\/\",\"name\":\"SORE eGBR GbR\",\"description\":\"\",\"publisher\":{\"@id\":\"https:\/\/sore-care.de\/#organization\"},\"potentialAction\":[{\"@type\":\"SearchAction\",\"target\":{\"@type\":\"EntryPoint\",\"urlTemplate\":\"https:\/\/sore-care.de\/?s={search_term_string}\"},\"query-input\":{\"@type\":\"PropertyValueSpecification\",\"valueRequired\":true,\"valueName\":\"search_term_string\"}}],\"inLanguage\":\"en-GB\"},{\"@type\":\"Organization\",\"@id\":\"https:\/\/sore-care.de\/#organization\",\"name\":\"SORE eGBR GbR\",\"url\":\"https:\/\/sore-care.de\/\",\"logo\":{\"@type\":\"ImageObject\",\"inLanguage\":\"en-GB\",\"@id\":\"https:\/\/sore-care.de\/#\/schema\/logo\/image\/\",\"url\":\"https:\/\/sore-care.de\/wp-content\/uploads\/2026\/02\/Sore_Care_Logo.png\",\"contentUrl\":\"https:\/\/sore-care.de\/wp-content\/uploads\/2026\/02\/Sore_Care_Logo.png\",\"width\":1738,\"height\":1576,\"caption\":\"SORE eGBR GbR\"},\"image\":{\"@id\":\"https:\/\/sore-care.de\/#\/schema\/logo\/image\/\"}}]}<\/script>\n<!-- \/ Yoast SEO plugin. -->","yoast_head_json":{"title":"Impressum - Sore Care","robots":{"index":"noindex","follow":"follow","max-snippet":"max-snippet:-1","max-image-preview":"max-image-preview:large","max-video-preview":"max-video-preview:-1"},"og_locale":"en_GB","og_type":"article","og_title":"Impressum - Sore Care","og_description":"Impressum","og_url":"https:\/\/sore-care.de\/en\/impressum\/","og_site_name":"Sore Care","article_modified_time":"2026-02-07T10:15:04+00:00","twitter_card":"summary_large_image","twitter_misc":{"Estimated reading time":"1 minute"},"schema":{"@context":"https:\/\/schema.org","@graph":[{"@type":"WebPage","@id":"https:\/\/sore-care.de\/impressum\/","url":"https:\/\/sore-care.de\/impressum\/","name":"Impressum - Sore Care","isPartOf":{"@id":"https:\/\/sore-care.de\/#website"},"datePublished":"2025-05-10T17:42:34+00:00","dateModified":"2026-02-07T10:15:04+00:00","breadcrumb":{"@id":"https:\/\/sore-care.de\/impressum\/#breadcrumb"},"inLanguage":"en-GB","potentialAction":[{"@type":"ReadAction","target":["https:\/\/sore-care.de\/impressum\/"]}]},{"@type":"BreadcrumbList","@id":"https:\/\/sore-care.de\/impressum\/#breadcrumb","itemListElement":[{"@type":"ListItem","position":1,"name":"Startseite","item":"https:\/\/sore-care.de\/"},{"@type":"ListItem","position":2,"name":"Impressum"}]},{"@type":"WebSite","@id":"https:\/\/sore-care.de\/#website","url":"https:\/\/sore-care.de\/","name":"SORE eGBR GbR","description":"","publisher":{"@id":"https:\/\/sore-care.de\/#organization"},"potentialAction":[{"@type":"SearchAction","target":{"@type":"EntryPoint","urlTemplate":"https:\/\/sore-care.de\/?s={search_term_string}"},"query-input":{"@type":"PropertyValueSpecification","valueRequired":true,"valueName":"search_term_string"}}],"inLanguage":"en-GB"},{"@type":"Organization","@id":"https:\/\/sore-care.de\/#organization","name":"SORE eGBR GbR","url":"https:\/\/sore-care.de\/","logo":{"@type":"ImageObject","inLanguage":"en-GB","@id":"https:\/\/sore-care.de\/#\/schema\/logo\/image\/","url":"https:\/\/sore-care.de\/wp-content\/uploads\/2026\/02\/Sore_Care_Logo.png","contentUrl":"https:\/\/sore-care.de\/wp-content\/uploads\/2026\/02\/Sore_Care_Logo.png","width":1738,"height":1576,"caption":"SORE eGBR GbR"},"image":{"@id":"https:\/\/sore-care.de\/#\/schema\/logo\/image\/"}}]}},"_links":{"self":[{"href":"https:\/\/sore-care.de\/en\/wp-json\/wp\/v2\/pages\/7298","targetHints":{"allow":["GET"]}}],"collection":[{"href":"https:\/\/sore-care.de\/en\/wp-json\/wp\/v2\/pages"}],"about":[{"href":"https:\/\/sore-care.de\/en\/wp-json\/wp\/v2\/types\/page"}],"author":[{"embeddable":true,"href":"https:\/\/sore-care.de\/en\/wp-json\/wp\/v2\/users\/3"}],"replies":[{"embeddable":true,"href":"https:\/\/sore-care.de\/en\/wp-json\/wp\/v2\/comments?post=7298"}],"version-history":[{"count":13,"href":"https:\/\/sore-care.de\/en\/wp-json\/wp\/v2\/pages\/7298\/revisions"}],"predecessor-version":[{"id":8182,"href":"https:\/\/sore-care.de\/en\/wp-json\/wp\/v2\/pages\/7298\/revisions\/8182"}],"wp:attachment":[{"href":"https:\/\/sore-care.de\/en\/wp-json\/wp\/v2\/media?parent=7298"}],"curies":[{"name":"wp","href":"https:\/\/api.w.org\/{rel}","templated":true}]}}